{"id":1117,"date":"2019-05-13T16:22:22","date_gmt":"2019-05-13T14:22:22","guid":{"rendered":"https:\/\/mif-sl.com\/aviso-legal\/"},"modified":"2019-09-03T15:26:15","modified_gmt":"2019-09-03T13:26:15","slug":"informacje-prawne","status":"publish","type":"page","link":"https:\/\/mif-sl.com\/pl\/informacje-prawne\/","title":{"rendered":""},"content":{"rendered":"<div class=\"vce-row-container\"><div class=\"vce-row vce-element--has-background vce-row--col-gap-30 vce-row-columns--top vce-row-content--top\" data-vce-full-width=\"true\" id=\"el-836c9896\" data-vce-do-apply=\"all el-836c9896\"><div class=\"vce-content-background-container\"><\/div><div class=\"vce-row-content\" data-vce-element-content=\"true\" style=\"padding-left: 73px; padding-right: 73px;\"><div class=\"vce-col vce-col--md-auto vce-col--xs-1 vce-col--xs-last vce-col--xs-first vce-col--sm-last vce-col--sm-first vce-col--md-last vce-col--lg-last vce-col--xl-last vce-col--md-first vce-col--lg-first vce-col--xl-first\" id=\"el-8be98883\"><div class=\"vce-col-inner\" data-vce-do-apply=\"border margin background  el-8be98883\"><div class=\"vce-col-content\" data-vce-element-content=\"true\" data-vce-do-apply=\"padding el-8be98883\"><div class=\"vce-text-block\"><div class=\"vce-text-block-wrapper vce\" id=\"el-2be6560c\" data-vce-do-apply=\"all el-2be6560c\"><h1>Aviso legal<\/h1><h3>\u00a0<\/h3><h3>1. Datos de la empresa<\/h3><p>En cumplimiento de lo dispuesto en el art\u00edculo 10 de la Ley 34\/2002, de 11 de julio, de servicios de la sociedad de la informaci\u00f3n y comercio electr\u00f3nico, a continuaci\u00f3n se exponen los datos identificativos de la empresa titular de los derechos de propiedad intelectual e industrial:<\/p><p>Maquinaria Industrial Farres SL<br>Calle Gandesa 5<br>Parc act eco Osona<br>08500 Vic - Barcelona, Espa\u00f1a<br>Tel. + 34 93 886 90 33<br>Fax + 34 93 889 34 95\u00a0<br>Mail: info@mif-sl.com<\/p><p>Inscrita en el Registro Mercantil de Barcelona, tomo 27.656, folio 0198, hoja B-123.160, inscripci\u00f3n 1\u00aa, CIF B-60695905.<\/p><h3>\u00a0<\/h3><h3>2. Objeto<\/h3><p>El presente sitio web (http:\/\/www.mif-sl.com), propiedad de Maquinaria Industrial Farres SL (en adelante MIF), ha sido creado y dise\u00f1ado para dar a conocer y permitir el acceso general de todos los usuarios de Internet a la informaci\u00f3n corporativa y comercial de MIF.<\/p><p>El presente aviso legal tiene como objeto establecer las condiciones generales que regulan el acceso y uso general de dicho sitio web por parte de todos los usuarios, de manera que el acceso y uso de este implica necesariamente la sumisi\u00f3n y aceptaci\u00f3n de las condiciones generales citadas e incluidas en este aviso legal. MIF se reserva el derecho de realizar, en cualquier momento y sin necesidad de preaviso, cualquier modificaci\u00f3n o actualizaci\u00f3n de los contenidos y servicios de las presentes disposiciones de acceso y uso y, en general, de cuantos elementos integren el dise\u00f1o y configuraci\u00f3n de su sitio web. Por este motivo, se recomienda que el usuario lea detenidamente las condiciones generales cada vez que quiera entrar en el sitio web y hacer uso de \u00e9l, ya que pueden sufrir algunas modificaciones.<\/p><h3>\u00a0<\/h3><h3>3. Propiedad industrial e intelectual<\/h3><p>Todos los contenidos del sitio web (en adelante los contenidos) son propiedad intelectual de MIF o, en su caso, de terceros, salvo que se especifique lo contrario. A t\u00edtulo meramente enunciativo, se incluyen entre los contenidos los textos, fotograf\u00edas, gr\u00e1ficos, im\u00e1genes, iconos, software, v\u00ednculos y otros contenidos audiovisuales o sonoros, as\u00ed como su dise\u00f1o gr\u00e1fico y sus c\u00f3digos fuente.<\/p><p>Asimismo, las marcas, nombres comerciales o signos distintivos son titularidad exclusiva de MIF o, en su caso, de terceros, salvo que se especifique lo contrario.<\/p><p>El usuario deber\u00e1 respetar siempre todos los derechos de propiedad intelectual e industrial del sitio web, de titularidad de MIF o de terceros.<\/p><p>Queda expresamente prohibida la cesi\u00f3n de los derechos de propiedad intelectual del presente sitio web.<\/p><p>En concreto, est\u00e1 prohibida la reproducci\u00f3n, transformaci\u00f3n, distribuci\u00f3n, comunicaci\u00f3n p\u00fablica, puesta a disposici\u00f3n, extracci\u00f3n, reutilizaci\u00f3n, retransmisi\u00f3n y utilizaci\u00f3n de cualquier naturaleza, por cualquier medio o procedimiento, salvo los casos que est\u00e9 legalmente permitido, es decir, autorizado por el titular de los correspondientes derechos.<\/p><p>A pesar de lo dispuesto anteriormente, el usuario podr\u00e1 visualizar y obtener una copia privada temporal de los contenidos para su uso personal, exclusivo y privado en sus sistemas inform\u00e1ticos (software y hardware), siempre que no sea con la finalidad de desarrollar actividades de car\u00e1cter comercial o profesional, ni con fines de distribuci\u00f3n, modificaci\u00f3n, alteraci\u00f3n o descompilaci\u00f3n. La infracci\u00f3n de cualquiera de los derechos antes citados puede constituir una vulneraci\u00f3n de las presentes condiciones, as\u00ed como un delito de acuerdo con los art\u00edculos 270 y siguientes del C\u00f3digo Penal.<\/p><h3>\u00a0<\/h3><h3>4. Contenidos<\/h3><p>MIF se reserva el derecho de actualizar o modificar los contenidos de este sitio web sin previo aviso.<\/p><p>Los contenidos del sitio web, en especial las referencias informativas, t\u00e9cnicas o publicitarias, salvo que expresamente se indique lo contrario, no constituyen una oferta vinculante. MIF se reserva el derecho de introducir modificaciones u omitir parcial o totalmente los actuales contenidos de la web cuando lo considere oportuno, as\u00ed como de impedir o restringir el acceso de forma temporal o permanente.<\/p><h3>\u00a0<\/h3><h3>5. Pol\u00edtica de privacidad y protecci\u00f3n de datos<\/h3><p>Seg\u00fan lo establecido por la Ley Org\u00e1nica 15\/1999, se informa al usuario de que sus datos ser\u00e1n incorporados a un fichero de datos de MIF con la finalidad de cumplir con su objeto social. El usuario autoriza a MIF a utilizar sus datos personales con fines informativos y comerciales, y a enviar informaciones publicitarias relacionadas con sus productos y servicios.<\/p><p>MIF cumple \u00edntegramente con la legislaci\u00f3n vigente en materia de protecci\u00f3n de datos de car\u00e1cter personal. MIF ha adoptado las medidas t\u00e9cnicas necesarias para mantener el nivel de seguridad requerido, seg\u00fan la naturaleza de los datos personales tratados y las circunstancias del tratamiento, con el objeto de evitar, en la medida de lo posible y siempre seg\u00fan el estado de la t\u00e9cnica, su alteraci\u00f3n, p\u00e9rdida, tratamiento o acceso no autorizado.<\/p><p>Cuando sea solicitada la cumplimentaci\u00f3n de un formulario en el que se recojan datos de car\u00e1cter personal, se informar\u00e1 al cliente o usuario de la informaci\u00f3n de la finalidad para la cual se recogen los datos, de la identidad y direcci\u00f3n del responsable del fichero y de la facultad del usuario de ejercer los derechos de acceso, rectificaci\u00f3n, cancelaci\u00f3n y oposici\u00f3n al tratamiento de sus datos. Los datos personales recogidos solo ser\u00e1n tratados y\/o cedidos con la expresada finalidad, y siempre con el consentimiento del usuario o cliente.<\/p><p>Algunas de las p\u00e1ginas de la web disponen de cookies, peque\u00f1os ficheros de datos que se generan en el ordenador del usuario o cliente y que permiten a nuestros sistemas recordar el idioma escogido, as\u00ed como otras caracter\u00edsticas o preferencias de navegaci\u00f3n del usuario en su primera sesi\u00f3n. Estas cookies no son invasivas, ni nocivas, ni contienen datos de car\u00e1cter personal, ya que su \u00fanica funci\u00f3n es personalizar su navegaci\u00f3n en la forma antes expresada.<\/p><p>El usuario tendr\u00e1 derecho a acceder, oponerse, rectificar y\/o cancelar sus datos dirigi\u00e9ndose por escrito a MIF, en la direcci\u00f3n que consta en este documento o por e-mail a info@mif-sl.com.\u00a0<\/p><h3>\u00a0<\/h3><h3>6. Enlaces de terceros al sitio web de MIF<\/h3><p>El usuario de Internet que quiera introducir un enlace desde su p\u00e1gina web al sitio web de MIF deber\u00e1 obtener autorizaci\u00f3n previa de MIF por escrito. Adem\u00e1s, deber\u00e1 cumplir las siguientes obligaciones:<\/p><p>El enlace o link \u00fanicamente vincular\u00e1 con la p\u00e1gina principal, salvo autorizaci\u00f3n expresa para redireccionar a una p\u00e1gina secundaria, que en ning\u00fan caso podr\u00e1 ser reproducida de ninguna manera.<\/p><p>Queda expresamente prohibido establecer frames o marcos de cualquier tipo que envuelvan el lloc web o permitan la visualizaci\u00f3n de la informaci\u00f3n, actividades, servicios o productos a trav\u00e9s de direcciones de Internet diferentes a las del presente sitio web.<\/p><p>El link o la p\u00e1gina de enlace no podr\u00e1 desarrollar actividades o hacer uso de dispositivos que sean contrarios a las leyes, la moral o el orden p\u00fablico.<\/p><p>En ning\u00fan caso se llevar\u00e1n a cabo, desde el sitio web donde se encuentra el enlace, manifestaciones falsas, inexactas o incorrectas sobre MIF, sus empleados o sus productos y servicios.<\/p><p>El remitente no podr\u00e1 utilizar la marca gr\u00e1fica o mixta, ni cualquier otro signo distintivo de MIF dentro de su propio sitio web, salvo los casos expresamente autorizados por MIF.<\/p><h3>\u00a0<\/h3><h3>7. Responsabilidad<\/h3><p>En cualquier caso, el usuario responder\u00e1 de los da\u00f1os y perjuicios de toda naturaleza que MIF pueda sufrir como consecuencia del incumplimiento de cualquiera de las obligaciones a las que queda sometido por este Aviso Legal o, en su caso, por las condiciones particulares de aplicaci\u00f3n.<\/p><p>7.1 Acceso al sitio web<br>MIF no se responsabiliza de los da\u00f1os o perjuicios de cualquier tipo producidos en el usuario causados por errores o desconexiones a las redes de telecomunicaciones que producen la suspensi\u00f3n, cancelaci\u00f3n o interrupci\u00f3n del servicio del sitio web durante la prestaci\u00f3n de este servicio o con car\u00e1cter previo.<\/p><p>7.2 Protecci\u00f3n de datos personales<br>MIF garantiza el cumplimiento \u00edntegro de las obligaciones dispuestas, as\u00ed como la implementaci\u00f3n de las medidas de seguridad dispuestas en el art\u00edculo 9 de la Ley 15\/1999 de protecci\u00f3n de datos de car\u00e1cter personal (en adelante LOPD) y en su Reglamento de desarrollo aprobado por Real Decreto 1720\/2007, de 21 de diciembre.<\/p><p>7.3 Calidad del servicio<br>El acceso al sitio web no implica la obligaci\u00f3n por parte de MIF de controlar la ausencia de virus, gusanos o cualquier otro elemento inform\u00e1tico da\u00f1ino. Corresponde al usuario, en todo caso, la disponibilidad de instrumentos adecuados para la detecci\u00f3n y desinfecci\u00f3n de programas inform\u00e1ticos da\u00f1inos.<\/p><p>7.4 Los contenidos<br>MIF no se responsabiliza de las decisiones tomadas a partir de la informaci\u00f3n suministrada en el sitio web, ni de los da\u00f1os y perjuicios producidos en el usuario o terceros con motivo de actuaciones que tengan como \u00fanico fundamento la informaci\u00f3n obtenida a trav\u00e9s del sitio web.<\/p><p>7.5 Enlaces o links<br>El servicio de acceso al sitio web incluye dispositivos t\u00e9cnicos de enlace que permiten al usuario acceder a otras p\u00e1ginas y portales de Internet. En estos casos, MIF act\u00faa como prestador de servicios de intermediaci\u00f3n, de conformidad con el art\u00edculo 17 de la Ley 34\/2002, de 11 de julio, de servicios de la sociedad de la informaci\u00f3n y el comercio electr\u00f3nico (LSSI), y solo ser\u00e1 responsable de los contenidos y servicios suministrados en los sitios enlazados en la medida en que tenga conocimiento efectivo de la ilicitud y no haya desactivado el enlace con la diligencia debida.<\/p><p>En el supuesto de que el usuario considere que existe un sitio enlazado con contenidos il\u00edcitos o inadecuados podr\u00e1 comunicarlo a MIF, de acuerdo con el procedimiento y los efectos establecidos en la cl\u00e1usula 6, sin que en ning\u00fan caso esta comunicaci\u00f3n comporte la obligaci\u00f3n de retirar el correspondiente enlace.<\/p><p>La existencia de enlaces o links no ha de presuponer la existencia de acuerdos con los responsables o titulares de dichos enlaces, ni la recomendaci\u00f3n, promoci\u00f3n o identificaci\u00f3n de MIF con las manifestaciones, contenidos o servicios prove\u00eddos.<\/p><p>MIF no conoce los contenidos y servicios de los enlaces o links y, por lo tanto, no se hace responsable de los da\u00f1os producidos por la ilicitud, calidad, desactualizaci\u00f3n, indisponibilidad, error e inutilidad de los contenidos y\/o servicios de los enlaces o links ni de cualquier otro da\u00f1o que no sea directamente imputable a MIF.<\/p><h3>\u00a0<\/h3><h3>8. Legislaci\u00f3n y jurisdicci\u00f3n aplicable<\/h3><p>Las presentes condiciones de acceso quedan sujetas al ordenamiento jur\u00eddico espa\u00f1ol. Para la resoluci\u00f3n de cualquier conflicto que pueda derivarse del acceso al sitio web, el usuario y MIF acuerdan someterse expresamente a los juzgados y tribunales de la ciudad de Vic (Barcelona), con renuncia a cualquier otro fuero general o especial que les pueda corresponder.<\/p><\/div><\/div><\/div><\/div><\/div><\/div><\/div><\/div>\n","protected":false},"excerpt":{"rendered":"<p>Aviso legal\u00a01. Datos de la empresaEn cumplimiento de lo dispuesto en el art\u00edculo 10 de la Ley 34\/2002, de 11 de julio, de servicios de la sociedad de la informaci\u00f3n y comercio electr\u00f3nico, a continuaci\u00f3n se exponen los datos identificativos de la empresa titular de los derechos de propiedad intelectual e industrial:Maquinaria Industrial Farres SLCalle [&hellip;]<\/p>\n","protected":false},"author":1,"featured_media":0,"parent":0,"menu_order":0,"comment_status":"closed","ping_status":"closed","template":"","meta":{"footnotes":""},"class_list":["post-1117","page","type-page","status-publish","hentry"],"yoast_head":"<!-- This site is optimized with the Yoast SEO plugin v23.6 - https:\/\/yoast.com\/wordpress\/plugins\/seo\/ -->\n<title>Aviso Legal | Maquinaria Industrial Farr\u00e9s<\/title>\n<meta name=\"description\" content=\"Aviso Legal de Maquinaria Industrial Farr\u00e9s\" \/>\n<meta name=\"robots\" content=\"noindex, follow\" \/>\n<meta property=\"og:locale\" content=\"pl_PL\" \/>\n<meta property=\"og:type\" content=\"article\" \/>\n<meta property=\"og:title\" content=\"Aviso Legal | Maquinaria Industrial Farr\u00e9s\" \/>\n<meta property=\"og:description\" content=\"Aviso Legal de Maquinaria Industrial Farr\u00e9s\" \/>\n<meta property=\"og:url\" content=\"https:\/\/mif-sl.com\/pl\/informacje-prawne\/\" \/>\n<meta property=\"og:site_name\" content=\"MIF\" \/>\n<meta property=\"article:modified_time\" content=\"2019-09-03T13:26:15+00:00\" \/>\n<meta name=\"twitter:card\" content=\"summary_large_image\" \/>\n<meta name=\"twitter:label1\" content=\"Szacowany czas czytania\" \/>\n\t<meta name=\"twitter:data1\" content=\"9 minut\" \/>\n<script type=\"application\/ld+json\" class=\"yoast-schema-graph\">{\"@context\":\"https:\/\/schema.org\",\"@graph\":[{\"@type\":\"WebPage\",\"@id\":\"https:\/\/mif-sl.com\/pl\/informacje-prawne\/\",\"url\":\"https:\/\/mif-sl.com\/pl\/informacje-prawne\/\",\"name\":\"Aviso Legal | Maquinaria Industrial Farr\u00e9s\",\"isPartOf\":{\"@id\":\"https:\/\/mif-sl.com\/pl\/#website\"},\"datePublished\":\"2019-05-13T14:22:22+00:00\",\"dateModified\":\"2019-09-03T13:26:15+00:00\",\"description\":\"Aviso Legal de Maquinaria Industrial Farr\u00e9s\",\"breadcrumb\":{\"@id\":\"https:\/\/mif-sl.com\/pl\/informacje-prawne\/#breadcrumb\"},\"inLanguage\":\"pl-PL\",\"potentialAction\":[{\"@type\":\"ReadAction\",\"target\":[\"https:\/\/mif-sl.com\/pl\/informacje-prawne\/\"]}]},{\"@type\":\"BreadcrumbList\",\"@id\":\"https:\/\/mif-sl.com\/pl\/informacje-prawne\/#breadcrumb\",\"itemListElement\":[{\"@type\":\"ListItem\",\"position\":1,\"name\":\"Portada\",\"item\":\"https:\/\/mif-sl.com\/pl\/\"},{\"@type\":\"ListItem\",\"position\":2,\"name\":\"Informacje prawne\"}]},{\"@type\":\"WebSite\",\"@id\":\"https:\/\/mif-sl.com\/pl\/#website\",\"url\":\"https:\/\/mif-sl.com\/pl\/\",\"name\":\"MIF\",\"description\":\"Maquinaria industrial para el sector de la alimentaci\u00f3n\",\"publisher\":{\"@id\":\"https:\/\/mif-sl.com\/pl\/#organization\"},\"potentialAction\":[{\"@type\":\"SearchAction\",\"target\":{\"@type\":\"EntryPoint\",\"urlTemplate\":\"https:\/\/mif-sl.com\/pl\/?s={search_term_string}\"},\"query-input\":{\"@type\":\"PropertyValueSpecification\",\"valueRequired\":true,\"valueName\":\"search_term_string\"}}],\"inLanguage\":\"pl-PL\"},{\"@type\":\"Organization\",\"@id\":\"https:\/\/mif-sl.com\/pl\/#organization\",\"name\":\"MIF\",\"url\":\"https:\/\/mif-sl.com\/pl\/\",\"logo\":{\"@type\":\"ImageObject\",\"inLanguage\":\"pl-PL\",\"@id\":\"https:\/\/mif-sl.com\/pl\/#\/schema\/logo\/image\/\",\"url\":\"https:\/\/mif-sl.com\/wp\/wp-content\/uploads\/2019\/04\/logo-mif-2x.png\",\"contentUrl\":\"https:\/\/mif-sl.com\/wp\/wp-content\/uploads\/2019\/04\/logo-mif-2x.png\",\"width\":200,\"height\":52,\"caption\":\"MIF\"},\"image\":{\"@id\":\"https:\/\/mif-sl.com\/pl\/#\/schema\/logo\/image\/\"}}]}<\/script>\n<!-- \/ Yoast SEO plugin. -->","yoast_head_json":{"title":"Aviso Legal | Maquinaria Industrial Farr\u00e9s","description":"Aviso Legal de Maquinaria Industrial Farr\u00e9s","robots":{"index":"noindex","follow":"follow"},"og_locale":"pl_PL","og_type":"article","og_title":"Aviso Legal | Maquinaria Industrial Farr\u00e9s","og_description":"Aviso Legal de Maquinaria Industrial Farr\u00e9s","og_url":"https:\/\/mif-sl.com\/pl\/informacje-prawne\/","og_site_name":"MIF","article_modified_time":"2019-09-03T13:26:15+00:00","twitter_card":"summary_large_image","twitter_misc":{"Szacowany czas czytania":"9 minut"},"schema":{"@context":"https:\/\/schema.org","@graph":[{"@type":"WebPage","@id":"https:\/\/mif-sl.com\/pl\/informacje-prawne\/","url":"https:\/\/mif-sl.com\/pl\/informacje-prawne\/","name":"Aviso Legal | Maquinaria Industrial Farr\u00e9s","isPartOf":{"@id":"https:\/\/mif-sl.com\/pl\/#website"},"datePublished":"2019-05-13T14:22:22+00:00","dateModified":"2019-09-03T13:26:15+00:00","description":"Aviso Legal de Maquinaria Industrial Farr\u00e9s","breadcrumb":{"@id":"https:\/\/mif-sl.com\/pl\/informacje-prawne\/#breadcrumb"},"inLanguage":"pl-PL","potentialAction":[{"@type":"ReadAction","target":["https:\/\/mif-sl.com\/pl\/informacje-prawne\/"]}]},{"@type":"BreadcrumbList","@id":"https:\/\/mif-sl.com\/pl\/informacje-prawne\/#breadcrumb","itemListElement":[{"@type":"ListItem","position":1,"name":"Portada","item":"https:\/\/mif-sl.com\/pl\/"},{"@type":"ListItem","position":2,"name":"Informacje prawne"}]},{"@type":"WebSite","@id":"https:\/\/mif-sl.com\/pl\/#website","url":"https:\/\/mif-sl.com\/pl\/","name":"MIF","description":"Maquinaria industrial para el sector de la alimentaci\u00f3n","publisher":{"@id":"https:\/\/mif-sl.com\/pl\/#organization"},"potentialAction":[{"@type":"SearchAction","target":{"@type":"EntryPoint","urlTemplate":"https:\/\/mif-sl.com\/pl\/?s={search_term_string}"},"query-input":{"@type":"PropertyValueSpecification","valueRequired":true,"valueName":"search_term_string"}}],"inLanguage":"pl-PL"},{"@type":"Organization","@id":"https:\/\/mif-sl.com\/pl\/#organization","name":"MIF","url":"https:\/\/mif-sl.com\/pl\/","logo":{"@type":"ImageObject","inLanguage":"pl-PL","@id":"https:\/\/mif-sl.com\/pl\/#\/schema\/logo\/image\/","url":"https:\/\/mif-sl.com\/wp\/wp-content\/uploads\/2019\/04\/logo-mif-2x.png","contentUrl":"https:\/\/mif-sl.com\/wp\/wp-content\/uploads\/2019\/04\/logo-mif-2x.png","width":200,"height":52,"caption":"MIF"},"image":{"@id":"https:\/\/mif-sl.com\/pl\/#\/schema\/logo\/image\/"}}]}},"_links":{"self":[{"href":"https:\/\/mif-sl.com\/pl\/wp-json\/wp\/v2\/pages\/1117"}],"collection":[{"href":"https:\/\/mif-sl.com\/pl\/wp-json\/wp\/v2\/pages"}],"about":[{"href":"https:\/\/mif-sl.com\/pl\/wp-json\/wp\/v2\/types\/page"}],"author":[{"embeddable":true,"href":"https:\/\/mif-sl.com\/pl\/wp-json\/wp\/v2\/users\/1"}],"replies":[{"embeddable":true,"href":"https:\/\/mif-sl.com\/pl\/wp-json\/wp\/v2\/comments?post=1117"}],"version-history":[{"count":2,"href":"https:\/\/mif-sl.com\/pl\/wp-json\/wp\/v2\/pages\/1117\/revisions"}],"predecessor-version":[{"id":1311,"href":"https:\/\/mif-sl.com\/pl\/wp-json\/wp\/v2\/pages\/1117\/revisions\/1311"}],"wp:attachment":[{"href":"https:\/\/mif-sl.com\/pl\/wp-json\/wp\/v2\/media?parent=1117"}],"curies":[{"name":"wp","href":"https:\/\/api.w.org\/{rel}","templated":true}]}}