{"id":1314,"date":"2019-04-01T16:59:29","date_gmt":"2019-04-01T14:59:29","guid":{"rendered":"https:\/\/mif-sl.com\/politica-privacidad\/"},"modified":"2019-09-03T15:28:22","modified_gmt":"2019-09-03T13:28:22","slug":"politique-de-confidentialite","status":"publish","type":"page","link":"https:\/\/mif-sl.com\/fr\/politique-de-confidentialite\/","title":{"rendered":""},"content":{"rendered":"<div class=\"vce-row-container\"><div class=\"vce-row vce-element--has-background vce-row--col-gap-30 vce-row-columns--top vce-row-content--top\" data-vce-full-width=\"true\" id=\"el-b998c42d\" data-vce-do-apply=\"all el-b998c42d\"><div class=\"vce-content-background-container\"><\/div><div class=\"vce-row-content\" data-vce-element-content=\"true\" style=\"padding-left: 80.5px; padding-right: 80.5px;\"><div class=\"vce-col vce-col--md-auto vce-col--xs-1 vce-col--xs-last vce-col--xs-first vce-col--sm-last vce-col--sm-first vce-col--md-last vce-col--lg-last vce-col--xl-last vce-col--md-first vce-col--lg-first vce-col--xl-first\" id=\"el-0177b571\"><div class=\"vce-col-inner\" data-vce-do-apply=\"border margin background  el-0177b571\"><div class=\"vce-col-content\" data-vce-element-content=\"true\" data-vce-do-apply=\"padding el-0177b571\"><div class=\"vce-text-block\"><div class=\"vce-text-block-wrapper vce\" id=\"el-11887a76\" data-vce-do-apply=\"all el-11887a76\"><h1>Pol\u00edtica de privacidad<\/h1><h3>\u00a0<\/h3><h3>\u00a0<\/h3><\/div><\/div><\/div><\/div><\/div><\/div><\/div><\/div>\n","protected":false},"excerpt":{"rendered":"<p>Pol\u00edtica de privacidad\u00a0\u00a0<\/p>\n","protected":false},"author":1,"featured_media":0,"parent":0,"menu_order":0,"comment_status":"closed","ping_status":"open","template":"","meta":{"footnotes":""},"class_list":["post-1314","page","type-page","status-publish","hentry"],"yoast_head":"<!-- This site is optimized with the Yoast SEO plugin v23.6 - https:\/\/yoast.com\/wordpress\/plugins\/seo\/ -->\n<title>Pol\u00edtica de Privacidad | Maquinaria Industrial Farr\u00e9s<\/title>\n<meta name=\"description\" content=\"Pol\u00edtica de Privacidad de Maquinaria Industrial Farr\u00e9s, MIF.\" \/>\n<meta name=\"robots\" content=\"noindex, follow\" \/>\n<meta property=\"og:locale\" content=\"fr_FR\" \/>\n<meta property=\"og:type\" content=\"article\" \/>\n<meta property=\"og:title\" content=\"Pol\u00edtica de Privacidad | Maquinaria Industrial Farr\u00e9s\" \/>\n<meta property=\"og:description\" content=\"Pol\u00edtica de Privacidad de Maquinaria Industrial Farr\u00e9s, MIF.\" \/>\n<meta property=\"og:url\" content=\"https:\/\/mif-sl.com\/fr\/politique-de-confidentialite\/\" \/>\n<meta property=\"og:site_name\" content=\"MIF\" \/>\n<meta property=\"article:modified_time\" content=\"2019-09-03T13:28:22+00:00\" \/>\n<meta name=\"twitter:card\" content=\"summary_large_image\" \/>\n<script type=\"application\/ld+json\" class=\"yoast-schema-graph\">{\"@context\":\"https:\/\/schema.org\",\"@graph\":[{\"@type\":\"WebPage\",\"@id\":\"https:\/\/mif-sl.com\/fr\/politique-de-confidentialite\/\",\"url\":\"https:\/\/mif-sl.com\/fr\/politique-de-confidentialite\/\",\"name\":\"Pol\u00edtica de Privacidad | Maquinaria Industrial Farr\u00e9s\",\"isPartOf\":{\"@id\":\"https:\/\/mif-sl.com\/fr\/#website\"},\"datePublished\":\"2019-04-01T14:59:29+00:00\",\"dateModified\":\"2019-09-03T13:28:22+00:00\",\"description\":\"Pol\u00edtica de Privacidad de Maquinaria Industrial Farr\u00e9s, MIF.\",\"breadcrumb\":{\"@id\":\"https:\/\/mif-sl.com\/fr\/politique-de-confidentialite\/#breadcrumb\"},\"inLanguage\":\"fr-FR\",\"potentialAction\":[{\"@type\":\"ReadAction\",\"target\":[\"https:\/\/mif-sl.com\/fr\/politique-de-confidentialite\/\"]}]},{\"@type\":\"BreadcrumbList\",\"@id\":\"https:\/\/mif-sl.com\/fr\/politique-de-confidentialite\/#breadcrumb\",\"itemListElement\":[{\"@type\":\"ListItem\",\"position\":1,\"name\":\"Portada\",\"item\":\"https:\/\/mif-sl.com\/fr\/\"},{\"@type\":\"ListItem\",\"position\":2,\"name\":\"Politique de confidentialit\u00e9\"}]},{\"@type\":\"WebSite\",\"@id\":\"https:\/\/mif-sl.com\/fr\/#website\",\"url\":\"https:\/\/mif-sl.com\/fr\/\",\"name\":\"MIF\",\"description\":\"Maquinaria industrial para el sector de la alimentaci\u00f3n\",\"publisher\":{\"@id\":\"https:\/\/mif-sl.com\/fr\/#organization\"},\"potentialAction\":[{\"@type\":\"SearchAction\",\"target\":{\"@type\":\"EntryPoint\",\"urlTemplate\":\"https:\/\/mif-sl.com\/fr\/?s={search_term_string}\"},\"query-input\":{\"@type\":\"PropertyValueSpecification\",\"valueRequired\":true,\"valueName\":\"search_term_string\"}}],\"inLanguage\":\"fr-FR\"},{\"@type\":\"Organization\",\"@id\":\"https:\/\/mif-sl.com\/fr\/#organization\",\"name\":\"MIF\",\"url\":\"https:\/\/mif-sl.com\/fr\/\",\"logo\":{\"@type\":\"ImageObject\",\"inLanguage\":\"fr-FR\",\"@id\":\"https:\/\/mif-sl.com\/fr\/#\/schema\/logo\/image\/\",\"url\":\"https:\/\/mif-sl.com\/wp\/wp-content\/uploads\/2019\/04\/logo-mif-2x.png\",\"contentUrl\":\"https:\/\/mif-sl.com\/wp\/wp-content\/uploads\/2019\/04\/logo-mif-2x.png\",\"width\":200,\"height\":52,\"caption\":\"MIF\"},\"image\":{\"@id\":\"https:\/\/mif-sl.com\/fr\/#\/schema\/logo\/image\/\"}}]}<\/script>\n<!-- \/ Yoast SEO plugin. -->","yoast_head_json":{"title":"Pol\u00edtica de Privacidad | Maquinaria Industrial Farr\u00e9s","description":"Pol\u00edtica de Privacidad de Maquinaria Industrial Farr\u00e9s, MIF.","robots":{"index":"noindex","follow":"follow"},"og_locale":"fr_FR","og_type":"article","og_title":"Pol\u00edtica de Privacidad | Maquinaria Industrial Farr\u00e9s","og_description":"Pol\u00edtica de Privacidad de Maquinaria Industrial Farr\u00e9s, MIF.","og_url":"https:\/\/mif-sl.com\/fr\/politique-de-confidentialite\/","og_site_name":"MIF","article_modified_time":"2019-09-03T13:28:22+00:00","twitter_card":"summary_large_image","schema":{"@context":"https:\/\/schema.org","@graph":[{"@type":"WebPage","@id":"https:\/\/mif-sl.com\/fr\/politique-de-confidentialite\/","url":"https:\/\/mif-sl.com\/fr\/politique-de-confidentialite\/","name":"Pol\u00edtica de Privacidad | Maquinaria Industrial Farr\u00e9s","isPartOf":{"@id":"https:\/\/mif-sl.com\/fr\/#website"},"datePublished":"2019-04-01T14:59:29+00:00","dateModified":"2019-09-03T13:28:22+00:00","description":"Pol\u00edtica de Privacidad de Maquinaria Industrial Farr\u00e9s, MIF.","breadcrumb":{"@id":"https:\/\/mif-sl.com\/fr\/politique-de-confidentialite\/#breadcrumb"},"inLanguage":"fr-FR","potentialAction":[{"@type":"ReadAction","target":["https:\/\/mif-sl.com\/fr\/politique-de-confidentialite\/"]}]},{"@type":"BreadcrumbList","@id":"https:\/\/mif-sl.com\/fr\/politique-de-confidentialite\/#breadcrumb","itemListElement":[{"@type":"ListItem","position":1,"name":"Portada","item":"https:\/\/mif-sl.com\/fr\/"},{"@type":"ListItem","position":2,"name":"Politique de confidentialit\u00e9"}]},{"@type":"WebSite","@id":"https:\/\/mif-sl.com\/fr\/#website","url":"https:\/\/mif-sl.com\/fr\/","name":"MIF","description":"Maquinaria industrial para el sector de la alimentaci\u00f3n","publisher":{"@id":"https:\/\/mif-sl.com\/fr\/#organization"},"potentialAction":[{"@type":"SearchAction","target":{"@type":"EntryPoint","urlTemplate":"https:\/\/mif-sl.com\/fr\/?s={search_term_string}"},"query-input":{"@type":"PropertyValueSpecification","valueRequired":true,"valueName":"search_term_string"}}],"inLanguage":"fr-FR"},{"@type":"Organization","@id":"https:\/\/mif-sl.com\/fr\/#organization","name":"MIF","url":"https:\/\/mif-sl.com\/fr\/","logo":{"@type":"ImageObject","inLanguage":"fr-FR","@id":"https:\/\/mif-sl.com\/fr\/#\/schema\/logo\/image\/","url":"https:\/\/mif-sl.com\/wp\/wp-content\/uploads\/2019\/04\/logo-mif-2x.png","contentUrl":"https:\/\/mif-sl.com\/wp\/wp-content\/uploads\/2019\/04\/logo-mif-2x.png","width":200,"height":52,"caption":"MIF"},"image":{"@id":"https:\/\/mif-sl.com\/fr\/#\/schema\/logo\/image\/"}}]}},"_links":{"self":[{"href":"https:\/\/mif-sl.com\/fr\/wp-json\/wp\/v2\/pages\/1314"}],"collection":[{"href":"https:\/\/mif-sl.com\/fr\/wp-json\/wp\/v2\/pages"}],"about":[{"href":"https:\/\/mif-sl.com\/fr\/wp-json\/wp\/v2\/types\/page"}],"author":[{"embeddable":true,"href":"https:\/\/mif-sl.com\/fr\/wp-json\/wp\/v2\/users\/1"}],"replies":[{"embeddable":true,"href":"https:\/\/mif-sl.com\/fr\/wp-json\/wp\/v2\/comments?post=1314"}],"version-history":[{"count":1,"href":"https:\/\/mif-sl.com\/fr\/wp-json\/wp\/v2\/pages\/1314\/revisions"}],"predecessor-version":[{"id":1317,"href":"https:\/\/mif-sl.com\/fr\/wp-json\/wp\/v2\/pages\/1314\/revisions\/1317"}],"wp:attachment":[{"href":"https:\/\/mif-sl.com\/fr\/wp-json\/wp\/v2\/media?parent=1314"}],"curies":[{"name":"wp","href":"https:\/\/api.w.org\/{rel}","templated":true}]}}