{"id":1147,"date":"2019-05-13T16:38:30","date_gmt":"2019-05-13T14:38:30","guid":{"rendered":"https:\/\/mif-sl.com\/politica-de-cookies\/"},"modified":"2019-09-03T15:30:24","modified_gmt":"2019-09-03T13:30:24","slug":"politique-de-cookies","status":"publish","type":"page","link":"https:\/\/mif-sl.com\/fr\/politique-de-cookies\/","title":{"rendered":""},"content":{"rendered":"<div class=\"vce-row-container\"><div class=\"vce-row vce-element--has-background vce-row--col-gap-30 vce-row-columns--top vce-row-content--top\" data-vce-full-width=\"true\" id=\"el-7c2bb4e6\" data-vce-do-apply=\"all el-7c2bb4e6\"><div class=\"vce-content-background-container\"><\/div><div class=\"vce-row-content\" data-vce-element-content=\"true\" style=\"padding-left: 73px; padding-right: 73px;\"><div class=\"vce-col vce-col--md-auto vce-col--xs-1 vce-col--xs-last vce-col--xs-first vce-col--sm-last vce-col--sm-first vce-col--md-last vce-col--lg-last vce-col--xl-last vce-col--md-first vce-col--lg-first vce-col--xl-first\" id=\"el-ddd9c2a2\"><div class=\"vce-col-inner\" data-vce-do-apply=\"border margin background  el-ddd9c2a2\"><div class=\"vce-col-content\" data-vce-element-content=\"true\" data-vce-do-apply=\"padding el-ddd9c2a2\"><div class=\"vce-text-block\"><div class=\"vce-text-block-wrapper vce\" id=\"el-fa2c4e2d\" data-vce-do-apply=\"all el-fa2c4e2d\"><h1>Pol\u00edtica de cookies<\/h1><h3>\u00a0<\/h3><h3>Informaci\u00f3n sobre cookies<\/h3><p>Debido a la entrada en vigor de la referente modificaci\u00f3n de la \u201cLey de Servicios de la Sociedad de la Informaci\u00f3n\u201d (LSSICE) establecida por el Real Decreto 13\/2012, es de obligaci\u00f3n obtener el consentimiento expreso del usuario de todas las p\u00e1ginas web que usan cookies prescindibles, antes de que \u00e9ste navegue por ellas.<\/p><p>\u00a0<\/p><h3>\u00bfQu\u00e9 son las cookies?<\/h3><p>Las cookies y otras tecnolog\u00edas similares tales como local shared objects, flash cookies o p\u00edxeles, son herramientas empleadas por los servidores Web para almacenar y recuperar informaci\u00f3n acerca de sus visitantes, as\u00ed como para ofrecer un correcto funcionamiento del sitio.<\/p><p>Mediante el uso de estos dispositivos se permite al servidor Web recordar algunos datos concernientes al usuario, como sus preferencias para la visualizaci\u00f3n de las p\u00e1ginas de ese servidor, nombre y contrase\u00f1a, productos que m\u00e1s le interesan, etc.<\/p><p>\u00a0<\/p><h3>Cookies afectadas por la normativa y cookies exceptuadas<\/h3><p>Seg\u00fan la directiva de la UE, las cookies que requieren el consentimiento informado por parte del usuario son las cookies de anal\u00edtica y las de publicidad y afiliaci\u00f3n, quedando exceptuadas las de car\u00e1cter t\u00e9cnico y las necesarias para el funcionamiento del sitio web o la prestaci\u00f3n de servicios expresamente solicitados por el usuario.<\/p><p>\u00a0<\/p><h3>\u00bfQu\u00e9 tipos de cookies existen?<\/h3><p>Sobre los tipos de cookies, existen cinco grandes grupos:<\/p><p>Cookies anal\u00edticas: recogen informaci\u00f3n del uso que se realiza del sitio web.<\/p><p>Cookies sociales: son aquellas necesarias para redes sociales externas.<\/p><p>Cookies de afiliados: permiten hacer un seguimiento de las visitas procedentes de otras webs, con las que el sitio web establece un contrato de afiliaci\u00f3n (empresas de afiliaci\u00f3n).<\/p><p>Cookies de publicidad y comportamentales: recogen informaci\u00f3n sobre las preferencias y elecciones personales del usuario (retargeting).<\/p><p>Cookies t\u00e9cnicas y funcionales: son las estrictamente necesarias para el uso del sitio web y para la prestaci\u00f3n del servicio contratado.<\/p><p>\u00a0<\/p><h3>Cookies que se utilizan en este sitio web<\/h3><p>PHPSESSID: cookie t\u00e9cnica y estrictamente necesaria que contiene el identificador de la sesi\u00f3n. Se elimina al cerrar el navegador.<\/p><p>_lang: cookie t\u00e9cnica y estrictamente necesaria que contiene el idioma de la sesi\u00f3n. Se elimina al cerrar el navegador.<\/p><p>ac_cookies: cookie t\u00e9cnica y estrictamente necesaria que contiene el valor de si se ha aceptado la instalaci\u00f3n de cookies. Caduca en 1 a\u00f1o desde la \u00faltima actualizaci\u00f3n.<\/p><p>_ga: cookie de Google Analytics que habilita la funci\u00f3n de control de visitas \u00fanicas. La primera vez que un usuario entre en el sitio web a trav\u00e9s de un navegador se instalar\u00e1 esta cookie. Cuando este usuario vuelva a entrar en la web con el mismo navegador, la cookie considerar\u00e1 que es el mismo usuario. Solo en el caso de que el usuario cambie de navegador, se considerar\u00e1 otro usuario. Caduca a los 2 a\u00f1os desde la \u00faltima actualizaci\u00f3n. M\u00e1s informaci\u00f3n del tratamiento realizado por Google Analytics aqu\u00ed.<\/p><p>_gat: Esta cookie se asocia con Google Analytics. Se utiliza para limitar la velocidad de petici\u00f3n - la limitaci\u00f3n de la recogida de datos en los sitios de alto tr\u00e1fico. Caduca a los 10 minutos.<\/p><p>_gid: Esta cookie se asocia con Google Analytics. Se utiliza para distinguir a los usuarios. Caduca a las 24 horas.<\/p><p>\u00a0<\/p><h3>Revocaci\u00f3n del consentimiento para instalar cookies<\/h3><p>COMO ELIMINAR LAS COOKIES DEL NAVEGADOR\u00a0<\/p><p>Chrome<\/p><p>1.\u00a0 Selecciona el icono de Herramientas<\/p><p>2.\u00a0 Haz clic en Configuraci\u00f3n.<\/p><p>3.\u00a0 Haz clic en Mostrar Opciones Avanzadas.<\/p><p>4.\u00a0 En la secci\u00f3n \"Privacidad\" haz clic en Configuraci\u00f3n de contenido.<\/p><p>\u2022\u00a0 Eliminar cookies: Haz clic en Todas las cookies y los datos de sitios\u2026<\/p><p>\u2022\u00a0 No permitir que se almacenen cookies.<\/p><p>5.\u00a0 Haz clic en Eliminar datos de navegaci\u00f3n (vaciar la Cach\u00e9).<\/p><p>6.\u00a0 Cierra y reinicia el navegador.<\/p><p>Para m\u00e1s informaci\u00f3n sobre Chrome pulse aqu\u00ed: http:\/\/support.google.com\/chrome\/answer\/95647?hl=es<\/p><p>Internet Explorer. Versi\u00f3n 11<\/p><p>1.\u00a0 Selecciona Herramientas | Opciones de Internet.<\/p><p>2.\u00a0 Haz clic en la ficha General.<\/p><p>3.\u00a0 En la secci\u00f3n \"Historial de exploraci\u00f3n\", haz clic en Eliminar el historial de exploraci\u00f3n al salir.<\/p><p>4.\u00a0 Seleccionar Eliminar archivos.<\/p><p>5.\u00a0 Seleccionar Eliminar cookies.<\/p><p>6.\u00a0 Haz clic en Eliminar.<\/p><p>7.\u00a0 Haz clic en Aceptar.<\/p><p>8.\u00a0 Cierra y reinicia el navegador.<\/p><p>Para m\u00e1s informaci\u00f3n sobre Internet Explorer pulse aqu\u00ed: https:\/\/support.microsoft.com\/es-es\/kb\/278835<\/p><p>Firefox. Versi\u00f3n 18\u00a0<\/p><p>1.\u00a0 Selecciona Firefox | Historial | Limpiar el historial reciente.<\/p><p>2.\u00a0 Al lado de \"Detalles\", haz clic en la flecha hacia abajo.<\/p><p>3.\u00a0 Selecciona las siguientes casillas de verificaci\u00f3n: Cookies, Cach\u00e9, Inicios de sesi\u00f3n activos<\/p><p>4.\u00a0 Usando el \"Intervalo de tiempo para borrar\" en el men\u00fa desplegable, selecciona Todo.<\/p><p>5.\u00a0 Haz clic en Borrar ahora.<\/p><p>6.\u00a0 Cierra y reinicia el navegador.<\/p><p>Puede aceptar o rechazar las cookies individualmente en las Preferencias de Firefox, en la secci\u00f3n Historial disponible en Herramientas > Opciones > Privacidad.<\/p><p>Para m\u00e1s informaci\u00f3n sobre Mozilla Firefox pulse aqu\u00ed: https:\/\/www.mozilla.org\/es-ES\/privacy\/websites\/#cookies<\/p><p>Safari Versi\u00f3n 5.1\u00a0<\/p><p>1.\u00a0 Selecciona el icono de Safari \/ Editar | Restaurar Safari.<\/p><p>2.\u00a0 Selecciona las siguientes casillas de verificaci\u00f3n: Borrar el historial, Eliminar todos los datos de sitio web<\/p><p>3.\u00a0 Haz clic en Restablecer.<\/p><p>4.\u00a0 Cierra y reinicia el navegador.<\/p><p>Para m\u00e1s informaci\u00f3n sobre Safari pulse aqu\u00ed: http:\/\/support.apple.com\/kb\/PH5042<\/p><p>Opera<\/p><p>Opciones - Avanzado - Cookies.<\/p><p>Las opciones de cookies controlan el modo en que Opera los maneja y por lo tanto su aceptaci\u00f3n o rechazo. Para m\u00e1s informaci\u00f3n sobre \u00d3pera pulse aqu\u00ed: http:\/\/help.opera.com\/Linux\/10.60\/es-ES\/cookies.html<\/p><p>Otros navegadores<\/p><p>Consulte la documentaci\u00f3n del navegador que tenga instalado.<\/p><\/div><\/div><\/div><\/div><\/div><\/div><\/div><\/div>\n","protected":false},"excerpt":{"rendered":"<p>Pol\u00edtica de cookies\u00a0Informaci\u00f3n sobre cookiesDebido a la entrada en vigor de la referente modificaci\u00f3n de la \u201cLey de Servicios de la Sociedad de la Informaci\u00f3n\u201d (LSSICE) establecida por el Real Decreto 13\/2012, es de obligaci\u00f3n obtener el consentimiento expreso del usuario de todas las p\u00e1ginas web que usan cookies prescindibles, antes de que \u00e9ste navegue [&hellip;]<\/p>\n","protected":false},"author":1,"featured_media":0,"parent":0,"menu_order":0,"comment_status":"closed","ping_status":"closed","template":"","meta":{"footnotes":""},"class_list":["post-1147","page","type-page","status-publish","hentry"],"yoast_head":"<!-- This site is optimized with the Yoast SEO plugin v23.6 - https:\/\/yoast.com\/wordpress\/plugins\/seo\/ -->\n<title>Pol\u00edtica de Cookies | Maquinaria Industrial Farr\u00e9s<\/title>\n<meta name=\"description\" content=\"Pol\u00edtica de cookies de Maquinaria Industrial Farr\u00e9s, MIF.\" \/>\n<meta name=\"robots\" content=\"noindex, follow\" \/>\n<meta property=\"og:locale\" content=\"fr_FR\" \/>\n<meta property=\"og:type\" content=\"article\" \/>\n<meta property=\"og:title\" content=\"Pol\u00edtica de Cookies | Maquinaria Industrial Farr\u00e9s\" \/>\n<meta property=\"og:description\" content=\"Pol\u00edtica de cookies de Maquinaria Industrial Farr\u00e9s, MIF.\" \/>\n<meta property=\"og:url\" content=\"https:\/\/mif-sl.com\/fr\/politique-de-cookies\/\" \/>\n<meta property=\"og:site_name\" content=\"MIF\" \/>\n<meta property=\"article:modified_time\" content=\"2019-09-03T13:30:24+00:00\" \/>\n<meta name=\"twitter:card\" content=\"summary_large_image\" \/>\n<meta name=\"twitter:label1\" content=\"Dur\u00e9e de lecture estim\u00e9e\" \/>\n\t<meta name=\"twitter:data1\" content=\"5 minutes\" \/>\n<script type=\"application\/ld+json\" class=\"yoast-schema-graph\">{\"@context\":\"https:\/\/schema.org\",\"@graph\":[{\"@type\":\"WebPage\",\"@id\":\"https:\/\/mif-sl.com\/fr\/politique-de-cookies\/\",\"url\":\"https:\/\/mif-sl.com\/fr\/politique-de-cookies\/\",\"name\":\"Pol\u00edtica de Cookies | Maquinaria Industrial Farr\u00e9s\",\"isPartOf\":{\"@id\":\"https:\/\/mif-sl.com\/fr\/#website\"},\"datePublished\":\"2019-05-13T14:38:30+00:00\",\"dateModified\":\"2019-09-03T13:30:24+00:00\",\"description\":\"Pol\u00edtica de cookies de Maquinaria Industrial Farr\u00e9s, MIF.\",\"breadcrumb\":{\"@id\":\"https:\/\/mif-sl.com\/fr\/politique-de-cookies\/#breadcrumb\"},\"inLanguage\":\"fr-FR\",\"potentialAction\":[{\"@type\":\"ReadAction\",\"target\":[\"https:\/\/mif-sl.com\/fr\/politique-de-cookies\/\"]}]},{\"@type\":\"BreadcrumbList\",\"@id\":\"https:\/\/mif-sl.com\/fr\/politique-de-cookies\/#breadcrumb\",\"itemListElement\":[{\"@type\":\"ListItem\",\"position\":1,\"name\":\"Portada\",\"item\":\"https:\/\/mif-sl.com\/fr\/\"},{\"@type\":\"ListItem\",\"position\":2,\"name\":\"Politique de cookies\"}]},{\"@type\":\"WebSite\",\"@id\":\"https:\/\/mif-sl.com\/fr\/#website\",\"url\":\"https:\/\/mif-sl.com\/fr\/\",\"name\":\"MIF\",\"description\":\"Maquinaria industrial para el sector de la alimentaci\u00f3n\",\"publisher\":{\"@id\":\"https:\/\/mif-sl.com\/fr\/#organization\"},\"potentialAction\":[{\"@type\":\"SearchAction\",\"target\":{\"@type\":\"EntryPoint\",\"urlTemplate\":\"https:\/\/mif-sl.com\/fr\/?s={search_term_string}\"},\"query-input\":{\"@type\":\"PropertyValueSpecification\",\"valueRequired\":true,\"valueName\":\"search_term_string\"}}],\"inLanguage\":\"fr-FR\"},{\"@type\":\"Organization\",\"@id\":\"https:\/\/mif-sl.com\/fr\/#organization\",\"name\":\"MIF\",\"url\":\"https:\/\/mif-sl.com\/fr\/\",\"logo\":{\"@type\":\"ImageObject\",\"inLanguage\":\"fr-FR\",\"@id\":\"https:\/\/mif-sl.com\/fr\/#\/schema\/logo\/image\/\",\"url\":\"https:\/\/mif-sl.com\/wp\/wp-content\/uploads\/2019\/04\/logo-mif-2x.png\",\"contentUrl\":\"https:\/\/mif-sl.com\/wp\/wp-content\/uploads\/2019\/04\/logo-mif-2x.png\",\"width\":200,\"height\":52,\"caption\":\"MIF\"},\"image\":{\"@id\":\"https:\/\/mif-sl.com\/fr\/#\/schema\/logo\/image\/\"}}]}<\/script>\n<!-- \/ Yoast SEO plugin. -->","yoast_head_json":{"title":"Pol\u00edtica de Cookies | Maquinaria Industrial Farr\u00e9s","description":"Pol\u00edtica de cookies de Maquinaria Industrial Farr\u00e9s, MIF.","robots":{"index":"noindex","follow":"follow"},"og_locale":"fr_FR","og_type":"article","og_title":"Pol\u00edtica de Cookies | Maquinaria Industrial Farr\u00e9s","og_description":"Pol\u00edtica de cookies de Maquinaria Industrial Farr\u00e9s, MIF.","og_url":"https:\/\/mif-sl.com\/fr\/politique-de-cookies\/","og_site_name":"MIF","article_modified_time":"2019-09-03T13:30:24+00:00","twitter_card":"summary_large_image","twitter_misc":{"Dur\u00e9e de lecture estim\u00e9e":"5 minutes"},"schema":{"@context":"https:\/\/schema.org","@graph":[{"@type":"WebPage","@id":"https:\/\/mif-sl.com\/fr\/politique-de-cookies\/","url":"https:\/\/mif-sl.com\/fr\/politique-de-cookies\/","name":"Pol\u00edtica de Cookies | Maquinaria Industrial Farr\u00e9s","isPartOf":{"@id":"https:\/\/mif-sl.com\/fr\/#website"},"datePublished":"2019-05-13T14:38:30+00:00","dateModified":"2019-09-03T13:30:24+00:00","description":"Pol\u00edtica de cookies de Maquinaria Industrial Farr\u00e9s, MIF.","breadcrumb":{"@id":"https:\/\/mif-sl.com\/fr\/politique-de-cookies\/#breadcrumb"},"inLanguage":"fr-FR","potentialAction":[{"@type":"ReadAction","target":["https:\/\/mif-sl.com\/fr\/politique-de-cookies\/"]}]},{"@type":"BreadcrumbList","@id":"https:\/\/mif-sl.com\/fr\/politique-de-cookies\/#breadcrumb","itemListElement":[{"@type":"ListItem","position":1,"name":"Portada","item":"https:\/\/mif-sl.com\/fr\/"},{"@type":"ListItem","position":2,"name":"Politique de cookies"}]},{"@type":"WebSite","@id":"https:\/\/mif-sl.com\/fr\/#website","url":"https:\/\/mif-sl.com\/fr\/","name":"MIF","description":"Maquinaria industrial para el sector de la alimentaci\u00f3n","publisher":{"@id":"https:\/\/mif-sl.com\/fr\/#organization"},"potentialAction":[{"@type":"SearchAction","target":{"@type":"EntryPoint","urlTemplate":"https:\/\/mif-sl.com\/fr\/?s={search_term_string}"},"query-input":{"@type":"PropertyValueSpecification","valueRequired":true,"valueName":"search_term_string"}}],"inLanguage":"fr-FR"},{"@type":"Organization","@id":"https:\/\/mif-sl.com\/fr\/#organization","name":"MIF","url":"https:\/\/mif-sl.com\/fr\/","logo":{"@type":"ImageObject","inLanguage":"fr-FR","@id":"https:\/\/mif-sl.com\/fr\/#\/schema\/logo\/image\/","url":"https:\/\/mif-sl.com\/wp\/wp-content\/uploads\/2019\/04\/logo-mif-2x.png","contentUrl":"https:\/\/mif-sl.com\/wp\/wp-content\/uploads\/2019\/04\/logo-mif-2x.png","width":200,"height":52,"caption":"MIF"},"image":{"@id":"https:\/\/mif-sl.com\/fr\/#\/schema\/logo\/image\/"}}]}},"_links":{"self":[{"href":"https:\/\/mif-sl.com\/fr\/wp-json\/wp\/v2\/pages\/1147"}],"collection":[{"href":"https:\/\/mif-sl.com\/fr\/wp-json\/wp\/v2\/pages"}],"about":[{"href":"https:\/\/mif-sl.com\/fr\/wp-json\/wp\/v2\/types\/page"}],"author":[{"embeddable":true,"href":"https:\/\/mif-sl.com\/fr\/wp-json\/wp\/v2\/users\/1"}],"replies":[{"embeddable":true,"href":"https:\/\/mif-sl.com\/fr\/wp-json\/wp\/v2\/comments?post=1147"}],"version-history":[{"count":1,"href":"https:\/\/mif-sl.com\/fr\/wp-json\/wp\/v2\/pages\/1147\/revisions"}],"predecessor-version":[{"id":1321,"href":"https:\/\/mif-sl.com\/fr\/wp-json\/wp\/v2\/pages\/1147\/revisions\/1321"}],"wp:attachment":[{"href":"https:\/\/mif-sl.com\/fr\/wp-json\/wp\/v2\/media?parent=1147"}],"curies":[{"name":"wp","href":"https:\/\/api.w.org\/{rel}","templated":true}]}}